{"id":61819,"date":"2023-08-29T17:15:59","date_gmt":"2023-08-29T21:15:59","guid":{"rendered":"https:\/\/rrstaging.bracketserver.com\/?page_id=61819"},"modified":"2023-10-03T17:42:32","modified_gmt":"2023-10-03T21:42:32","slug":"evenement-4e-conference-alin","status":"publish","type":"page","link":"https:\/\/rrstaging.bracketserver.com\/fr\/evenement-4e-conference-alin\/","title":{"rendered":"\u00c9V\u00c9NEMENT \u2014 4e conf\u00e9rence r\u00e9gionale des institutions fonci\u00e8res nationales sur la s\u00e9curisation des droits fonciers collectifs en Afrique"},"content":{"rendered":"","protected":false},"excerpt":{"rendered":"","protected":false},"author":82,"featured_media":0,"parent":0,"menu_order":0,"comment_status":"closed","ping_status":"closed","template":"template-master.php","meta":{"_acf_changed":false,"inline_featured_image":false,"footnotes":""},"acf":[],"aioseo_notices":[],"publishpress_future_action":{"enabled":false,"date":"2026-04-28 10:31:32","action":"change-status","newStatus":"draft","terms":[],"taxonomy":"translation_priority"},"_links":{"self":[{"href":"https:\/\/rrstaging.bracketserver.com\/fr\/wp-json\/wp\/v2\/pages\/61819"}],"collection":[{"href":"https:\/\/rrstaging.bracketserver.com\/fr\/wp-json\/wp\/v2\/pages"}],"about":[{"href":"https:\/\/rrstaging.bracketserver.com\/fr\/wp-json\/wp\/v2\/types\/page"}],"author":[{"embeddable":true,"href":"https:\/\/rrstaging.bracketserver.com\/fr\/wp-json\/wp\/v2\/users\/82"}],"replies":[{"embeddable":true,"href":"https:\/\/rrstaging.bracketserver.com\/fr\/wp-json\/wp\/v2\/comments?post=61819"}],"version-history":[{"count":16,"href":"https:\/\/rrstaging.bracketserver.com\/fr\/wp-json\/wp\/v2\/pages\/61819\/revisions"}],"predecessor-version":[{"id":62075,"href":"https:\/\/rrstaging.bracketserver.com\/fr\/wp-json\/wp\/v2\/pages\/61819\/revisions\/62075"}],"wp:attachment":[{"href":"https:\/\/rrstaging.bracketserver.com\/fr\/wp-json\/wp\/v2\/media?parent=61819"}],"curies":[{"name":"wp","href":"https:\/\/api.w.org\/{rel}","templated":true}]}}