{"id":60377,"date":"2022-12-22T15:20:11","date_gmt":"2022-12-22T20:20:11","guid":{"rendered":"https:\/\/rrstaging.bracketserver.com\/?page_id=60377"},"modified":"2023-01-23T10:55:14","modified_gmt":"2023-01-23T15:55:14","slug":"evento-casa-de-suecia","status":"publish","type":"page","link":"https:\/\/rrstaging.bracketserver.com\/es\/evento-casa-de-suecia\/","title":{"rendered":"EVENTO \u2014 Un di\u00e1logo sobre enfoques basados en derechos para la conservaci\u00f3n y el clima en 2023 y m\u00e1s all\u00e1"},"content":{"rendered":"","protected":false},"excerpt":{"rendered":"","protected":false},"author":82,"featured_media":0,"parent":0,"menu_order":0,"comment_status":"closed","ping_status":"closed","template":"template-master.php","meta":{"_acf_changed":false,"inline_featured_image":false,"footnotes":""},"acf":[],"aioseo_notices":[],"publishpress_future_action":{"enabled":false,"date":"2026-04-28 11:01:31","action":"change-status","newStatus":"draft","terms":[],"taxonomy":"translation_priority"},"_links":{"self":[{"href":"https:\/\/rrstaging.bracketserver.com\/es\/wp-json\/wp\/v2\/pages\/60377"}],"collection":[{"href":"https:\/\/rrstaging.bracketserver.com\/es\/wp-json\/wp\/v2\/pages"}],"about":[{"href":"https:\/\/rrstaging.bracketserver.com\/es\/wp-json\/wp\/v2\/types\/page"}],"author":[{"embeddable":true,"href":"https:\/\/rrstaging.bracketserver.com\/es\/wp-json\/wp\/v2\/users\/82"}],"replies":[{"embeddable":true,"href":"https:\/\/rrstaging.bracketserver.com\/es\/wp-json\/wp\/v2\/comments?post=60377"}],"version-history":[{"count":10,"href":"https:\/\/rrstaging.bracketserver.com\/es\/wp-json\/wp\/v2\/pages\/60377\/revisions"}],"predecessor-version":[{"id":60489,"href":"https:\/\/rrstaging.bracketserver.com\/es\/wp-json\/wp\/v2\/pages\/60377\/revisions\/60489"}],"wp:attachment":[{"href":"https:\/\/rrstaging.bracketserver.com\/es\/wp-json\/wp\/v2\/media?parent=60377"}],"curies":[{"name":"wp","href":"https:\/\/api.w.org\/{rel}","templated":true}]}}