{"id":60060,"date":"2022-11-23T10:49:58","date_gmt":"2022-11-23T15:49:58","guid":{"rendered":"https:\/\/rrstaging.bracketserver.com\/?page_id=60060"},"modified":"2022-12-23T12:04:16","modified_gmt":"2022-12-23T17:04:16","slug":"evento-dialogo-sobre-el-liderazgo-indigena-y-comunitario-en-la-conservacion","status":"publish","type":"page","link":"https:\/\/rrstaging.bracketserver.com\/es\/evento-dialogo-sobre-el-liderazgo-indigena-y-comunitario-en-la-conservacion\/","title":{"rendered":"EVENTO \u2014 Di\u00e1logo sobre el liderazgo Ind\u00edgena y comunitario en la conservaci\u00f3n"},"content":{"rendered":"","protected":false},"excerpt":{"rendered":"","protected":false},"author":82,"featured_media":0,"parent":0,"menu_order":0,"comment_status":"closed","ping_status":"closed","template":"template-master.php","meta":{"_acf_changed":false,"inline_featured_image":false,"footnotes":""},"acf":[],"aioseo_notices":[],"publishpress_future_action":{"enabled":false,"date":"2026-04-28 11:01:19","action":"change-status","newStatus":"draft","terms":[],"taxonomy":"translation_priority"},"_links":{"self":[{"href":"https:\/\/rrstaging.bracketserver.com\/es\/wp-json\/wp\/v2\/pages\/60060"}],"collection":[{"href":"https:\/\/rrstaging.bracketserver.com\/es\/wp-json\/wp\/v2\/pages"}],"about":[{"href":"https:\/\/rrstaging.bracketserver.com\/es\/wp-json\/wp\/v2\/types\/page"}],"author":[{"embeddable":true,"href":"https:\/\/rrstaging.bracketserver.com\/es\/wp-json\/wp\/v2\/users\/82"}],"replies":[{"embeddable":true,"href":"https:\/\/rrstaging.bracketserver.com\/es\/wp-json\/wp\/v2\/comments?post=60060"}],"version-history":[{"count":11,"href":"https:\/\/rrstaging.bracketserver.com\/es\/wp-json\/wp\/v2\/pages\/60060\/revisions"}],"predecessor-version":[{"id":60398,"href":"https:\/\/rrstaging.bracketserver.com\/es\/wp-json\/wp\/v2\/pages\/60060\/revisions\/60398"}],"wp:attachment":[{"href":"https:\/\/rrstaging.bracketserver.com\/es\/wp-json\/wp\/v2\/media?parent=60060"}],"curies":[{"name":"wp","href":"https:\/\/api.w.org\/{rel}","templated":true}]}}