{"id":59682,"date":"2022-10-21T08:53:44","date_gmt":"2022-10-21T12:53:44","guid":{"rendered":"https:\/\/rrstaging.bracketserver.com\/?page_id=59682"},"modified":"2024-02-28T16:13:44","modified_gmt":"2024-02-28T21:13:44","slug":"evento-mapeo-de-la-presencia-tierras-y-territorios-de-los-pueblos-afrodescendientes-en-america-latina-y-el-caribe","status":"publish","type":"page","link":"https:\/\/rrstaging.bracketserver.com\/es\/evento-mapeo-de-la-presencia-tierras-y-territorios-de-los-pueblos-afrodescendientes-en-america-latina-y-el-caribe\/","title":{"rendered":"EVENTO: Mapeo de la presencia, tierras y territorios de los Pueblos Afrodescendientes en Am\u00e9rica Latina y el Caribe"},"content":{"rendered":"<p style=\"text-align: center;\"><em>Reg\u00edstrese aqu\u00ed<\/em><\/p>\n<p>La Iniciativa por los Derechos y Recursos (RRI), el Proceso de Comunidades Negras (PCN) y el Observatorio de Territorios \u00c9tnicos y Campesinos (OTEC) de la Universidad Javeriana de Colombia invitan al lanzamiento virtual de un nuevo estudio titulado Mapeo de la presencia, tierras y territorios de los pueblos afrodescendientes en Am\u00e9rica Latina y el Caribe.<\/p>\n<p>Este estudio realiza una categorizaci\u00f3n geoespacial de la presencia territorial de los Pueblos Afrodescendientes en 16 pa\u00edses de Am\u00e9rica Latina y el Caribe, el estado de reconocimiento de sus derechos territoriales, y muestra la superposici\u00f3n con \u00e1reas de importancia para los esfuerzos de mitigaci\u00f3n y conservaci\u00f3n del cambio clim\u00e1tico global.<\/p>\n<p>El an\u00e1lisis cartogr\u00e1fico ser\u00e1 una herramienta de incidencia para posicionar a los Pueblos Afrodescendientes como un actor cr\u00edtico en los espacios de clima y biodiversidad, incluyendo la CoP27 en Egipto y la CoP15 en Canad\u00e1. El lanzamiento virtual incluir\u00e1 comentarios de RRI, PCN, OTEC y l\u00edderes afrodescendientes de toda la regi\u00f3n.<\/p>\n<p>El evento se celebrar\u00e1 el mi\u00e9rcoles 26 de octubre a trav\u00e9s de un webinar de Zoom, con interpretaci\u00f3n en espa\u00f1ol, ingl\u00e9s y portugu\u00e9s.<\/p>\n","protected":false},"excerpt":{"rendered":"<p>Reg\u00edstrese aqu\u00ed La Iniciativa por los Derechos y Recursos (RRI), el Proceso de Comunidades Negras (PCN) y el Observatorio de Territorios \u00c9tnicos y Campesinos (OTEC)&#8230;<\/p>\n","protected":false},"author":60,"featured_media":0,"parent":0,"menu_order":0,"comment_status":"closed","ping_status":"closed","template":"template-master.php","meta":{"_acf_changed":false,"inline_featured_image":false,"footnotes":""},"acf":[],"aioseo_notices":[],"publishpress_future_action":{"enabled":false,"date":"2026-04-28 09:36:40","action":"change-status","newStatus":"draft","terms":[],"taxonomy":"translation_priority"},"_links":{"self":[{"href":"https:\/\/rrstaging.bracketserver.com\/es\/wp-json\/wp\/v2\/pages\/59682"}],"collection":[{"href":"https:\/\/rrstaging.bracketserver.com\/es\/wp-json\/wp\/v2\/pages"}],"about":[{"href":"https:\/\/rrstaging.bracketserver.com\/es\/wp-json\/wp\/v2\/types\/page"}],"author":[{"embeddable":true,"href":"https:\/\/rrstaging.bracketserver.com\/es\/wp-json\/wp\/v2\/users\/60"}],"replies":[{"embeddable":true,"href":"https:\/\/rrstaging.bracketserver.com\/es\/wp-json\/wp\/v2\/comments?post=59682"}],"version-history":[{"count":11,"href":"https:\/\/rrstaging.bracketserver.com\/es\/wp-json\/wp\/v2\/pages\/59682\/revisions"}],"predecessor-version":[{"id":64337,"href":"https:\/\/rrstaging.bracketserver.com\/es\/wp-json\/wp\/v2\/pages\/59682\/revisions\/64337"}],"wp:attachment":[{"href":"https:\/\/rrstaging.bracketserver.com\/es\/wp-json\/wp\/v2\/media?parent=59682"}],"curies":[{"name":"wp","href":"https:\/\/api.w.org\/{rel}","templated":true}]}}